{"id":2,"date":"2023-01-07T17:08:12","date_gmt":"2023-01-07T17:08:12","guid":{"rendered":"https:\/\/oe9sau.msauter.at\/?page_id=2"},"modified":"2024-02-21T13:42:43","modified_gmt":"2024-02-21T13:42:43","slug":"pcb-swap-meet","status":"publish","type":"page","link":"https:\/\/oe9sau.msauter.at\/?page_id=2","title":{"rendered":"PCB swap meet"},"content":{"rendered":"<p id=\"tw-target-text\" class=\"tw-data-text tw-text-large tw-ta\" dir=\"ltr\" data-placeholder=\"\u00dcbersetzung\"><span class=\"Y2IQFc\" lang=\"de\">Wenn ich Leiterplatten f\u00fcr den Nachbau von DYI Projekten bestelle, betr\u00e4gt die \u00fcbliche Mindestbestellmenge 5 Leiterplatten, auch wenn ich nur eine oder zwei ben\u00f6tige. <\/span><span class=\"Y2IQFc\" lang=\"de\">Daher stapeln sich teils viele unbenutzte Platinen in meinem Regal. Aus diesem Grund biete ich diese PCB\u00b4s zum Selbstkostenpreis an. Bei Interesse einfach <a href=\"mailto:oe9sau@oevsv.at\">Mail<\/a> an mich.<\/span><\/p>\n<p>When ordering PCBs to replicate DYI projects, the usual minimum order quantity is 5 PCBs, although I only need one or two. That&#8217;s why there are sometimes many unused circuit boards stacked up on my shelf. For this reason I offer these PCB&#8217;s at cost price. If you are interested, just <a href=\"mailto:oe9sau@oevsv.at\">email<\/a> me.<\/p>\n<pre dir=\"ltr\" data-placeholder=\"\u00dcbersetzung\"><a href=\"https:\/\/github.com\/g7uhn\/ft817_buddy\" target=\"_blank\" rel=\"noopener\">FT-817 Buddy von G7UHN<\/a> \r\nbest\u00fcckt und funktionst\u00fcchtig: SOLD OUT\r\nunbest\u00fcckt: SOLD OUT\r\nteilbest\u00fcckt: SOLD OUT<\/pre>\n<pre dir=\"ltr\" data-placeholder=\"\u00dcbersetzung\"><a href=\"https:\/\/projects.dj0abr.de\/doku.php?id=de:symtune:symtune_overview\" target=\"_blank\" rel=\"noopener\">Symmetrischer (und unsymmetrischer) ferngesteuerter und bezahlbarer Kilowatt KW-Antennentuner von DJ0ABR<\/a> \r\nSet: LC- und Steuerplatine unbest\u00fcckt: 3 St.<\/pre>\n<pre><a href=\"http:\/\/carnut.info\/ATU_N7DDC\/ATU-10\/ATU-10_by-vk3pe_build_info\/ATU-10_vk3pe_V1.2_ALL_INFO_290921.pdf\" target=\"_blank\" rel=\"noopener\">ATU-10 by N7DDC \u2013 V1.3 by VK3PE<\/a>\r\n<a href=\"https:\/\/oe9sau.msauter.at\/wp-content\/uploads\/2023\/03\/ATU-10.png\" target=\"_blank\" rel=\"noopener\">SMA-Version<\/a> unbest\u00fcckt: 4 St.\r\n<a href=\"https:\/\/oe9sau.msauter.at\/wp-content\/uploads\/2023\/03\/ATU-10-BNC-TOP-1.png\" target=\"_blank\" rel=\"noopener\">BNC-Version<\/a> unbest\u00fcckt: 3 St.\r\n<a href=\"https:\/\/oe9sau.msauter.at\/wp-content\/uploads\/2023\/03\/Front_Panel_ATU-10.png\" target=\"_blank\" rel=\"noopener\">Front-Panel<\/a>(71x25mm case): 3 St.\r\n<a href=\"https:\/\/oe9sau.msauter.at\/wp-content\/uploads\/2023\/03\/Back_Panel_ATU-10.png\" target=\"_blank\" rel=\"noopener\">Back-Panel<\/a>(71x25mm case): 3 St.\r\nFiles for <a href=\"https:\/\/www.thingiverse.com\/thing:5937685\" target=\"_blank\" rel=\"noopener\">3d-case <\/a>by OE9SAU<\/pre>\n<pre><a href=\"https:\/\/www.dj0abr.de\/index_deutsch.html\" target=\"_blank\" rel=\"noopener\">Automatische Transceiver Auswahl Platine nach DJ0ABR<\/a>\r\nunbest\u00fcckt: 4 St.<\/pre>\n<pre dir=\"ltr\" data-placeholder=\"\u00dcbersetzung\"><a href=\"http:\/\/www.oe1cgs.at\/50w-hf-verstaerker\/\" target=\"_blank\" rel=\"noopener\">LPF Filter nach OE1CGS<\/a> f\u00fcr 70W SSB PA von AliExpress\r\nunbest\u00fcckt: 2 St.<\/pre>\n<pre><a href=\"http:\/\/oe9sau.msauter.at\/img\/own\/ant_sw_v4_1.png\" target=\"_blank\" rel=\"noopener\">6-to-1 Antennenumschalter von www.qro.cz<\/a>\r\nunbest\u00fcckt: 2 St.<\/pre>\n<pre><a href=\"https:\/\/www.dj0abr.de\/index_deutsch.html\" target=\"_blank\" rel=\"noopener\">13cm PA nach DJ0ABR (es'hail-2)<\/a>\r\n<a href=\"https:\/\/www.dj0abr.de\/english\/technik\/sat\/sat_pa_stage1.htm\" target=\"_blank\" rel=\"noopener\">10W<\/a> unbest\u00fcckt: 2 St.\r\n<a href=\"https:\/\/www.dj0abr.de\/english\/technik\/sat\/sat_pa_stage2.htm\" target=\"_blank\" rel=\"noopener\">25W<\/a> unbest\u00fcckt: 2 St.\r\n<a href=\"https:\/\/www.dj0abr.de\/english\/technik\/sat\/sat_pa_v1data.htm\" target=\"_blank\" rel=\"noopener\">Filter\/Atten.<\/a>:  10 St.<\/pre>\n<pre><a href=\"https:\/\/github.com\/DG1JAN\/Balun_Test_Tool\" target=\"_blank\" rel=\"noopener\">Balun_Test_Tool nach DG1JAN<\/a>  \r\nunbest\u00fcckt: 2 St.\r\n\r\n<img loading=\"lazy\" decoding=\"async\" class=\"alignnone  wp-image-362\" src=\"https:\/\/oe9sau.msauter.at\/wp-content\/uploads\/2024\/02\/2024-02-21-14_41_22-Window-300x287.png\" alt=\"\" width=\"139\" height=\"133\" srcset=\"https:\/\/oe9sau.msauter.at\/wp-content\/uploads\/2024\/02\/2024-02-21-14_41_22-Window-300x287.png 300w, https:\/\/oe9sau.msauter.at\/wp-content\/uploads\/2024\/02\/2024-02-21-14_41_22-Window.png 389w\" sizes=\"auto, (max-width: 139px) 100vw, 139px\" \/><\/pre>\n<pre><a href=\"https:\/\/github.com\/DG1JAN\/UniBalun\/tree\/main\/CoaxBalun\" target=\"_blank\" rel=\"noopener\">Coax_Balun nach DG1JAN<\/a>\r\nunbest\u00fcckt: 2 St.<\/pre>\n<pre><a href=\"https:\/\/github.com\/DG1JAN\/AntennaPlayground\/tree\/main\/microUnUn_BNC\" target=\"_blank\" rel=\"noopener\">MicroUnUn_BNC_Balun nach DG1JAN<\/a>\r\nunbest\u00fcckt: 2 St.<\/pre>\n<pre><a href=\"https:\/\/github.com\/DG1JAN\/UniBalun\" target=\"_blank\" rel=\"noopener\">UniBalun nach DG1JAN<\/a>\r\nunbest\u00fcckt: SOLD OUT<\/pre>\n<pre><a href=\"https:\/\/dm3mat.darc.de\/cw2019\/\" target=\"_blank\" rel=\"noopener\">Portable QRP Multi-band CW TRX von DM3MAT<\/a>\r\nunbest\u00fcckt: SOLD OUT<\/pre>\n<pre><a href=\"http:\/\/oe9sau.msauter.at\/img\/own\/328_Adapter.png\" target=\"_blank\" rel=\"noopener\">Adapterboard Atmega328 DIL28 auf TQFP-32<\/a> (16x36mm)\r\nder TQFP hat 2ADC mehr\r\nunbest\u00fcckt: 10 St.<\/pre>\n<p>&nbsp;<\/p>\n","protected":false},"excerpt":{"rendered":"<p>Wenn ich Leiterplatten f\u00fcr den Nachbau von DYI Projekten bestelle, betr\u00e4gt die \u00fcbliche Mindestbestellmenge 5 Leiterplatten, auch wenn ich nur eine oder zwei ben\u00f6tige. Daher stapeln sich teils viele unbenutzte Platinen in meinem Regal. Aus diesem Grund biete ich diese PCB\u00b4s zum Selbstkostenpreis an. Bei Interesse einfach Mail an mich. When ordering PCBs to replicate &hellip; <a href=\"https:\/\/oe9sau.msauter.at\/?page_id=2\" class=\"more-link\">Continue reading <span class=\"screen-reader-text\">PCB swap meet<\/span><\/a><\/p>\n","protected":false},"author":1,"featured_media":286,"parent":0,"menu_order":1,"comment_status":"closed","ping_status":"closed","template":"","meta":{"footnotes":""},"class_list":["post-2","page","type-page","status-publish","has-post-thumbnail","hentry"],"_links":{"self":[{"href":"https:\/\/oe9sau.msauter.at\/index.php?rest_route=\/wp\/v2\/pages\/2","targetHints":{"allow":["GET"]}}],"collection":[{"href":"https:\/\/oe9sau.msauter.at\/index.php?rest_route=\/wp\/v2\/pages"}],"about":[{"href":"https:\/\/oe9sau.msauter.at\/index.php?rest_route=\/wp\/v2\/types\/page"}],"author":[{"embeddable":true,"href":"https:\/\/oe9sau.msauter.at\/index.php?rest_route=\/wp\/v2\/users\/1"}],"replies":[{"embeddable":true,"href":"https:\/\/oe9sau.msauter.at\/index.php?rest_route=%2Fwp%2Fv2%2Fcomments&post=2"}],"version-history":[{"count":63,"href":"https:\/\/oe9sau.msauter.at\/index.php?rest_route=\/wp\/v2\/pages\/2\/revisions"}],"predecessor-version":[{"id":363,"href":"https:\/\/oe9sau.msauter.at\/index.php?rest_route=\/wp\/v2\/pages\/2\/revisions\/363"}],"wp:featuredmedia":[{"embeddable":true,"href":"https:\/\/oe9sau.msauter.at\/index.php?rest_route=\/wp\/v2\/media\/286"}],"wp:attachment":[{"href":"https:\/\/oe9sau.msauter.at\/index.php?rest_route=%2Fwp%2Fv2%2Fmedia&parent=2"}],"curies":[{"name":"wp","href":"https:\/\/api.w.org\/{rel}","templated":true}]}}